{"id":28,"date":"2018-02-16T17:51:35","date_gmt":"2018-02-16T16:51:35","guid":{"rendered":"http:\/\/pauline.eolis.net\/cap\/one-page-express\/"},"modified":"2021-11-05T11:17:06","modified_gmt":"2021-11-05T10:17:06","slug":"one-page-express","status":"publish","type":"page","link":"https:\/\/pauline.eolis.net\/cap\/","title":{"rendered":"L&rsquo;association"},"content":{"rendered":"\t\t<div data-elementor-type=\"wp-post\" data-elementor-id=\"28\" class=\"elementor elementor-28\" data-elementor-settings=\"[]\">\n\t\t\t\t\t\t<div class=\"elementor-inner\">\n\t\t\t\t\t\t\t<div class=\"elementor-section-wrap\">\n\t\t\t\t\t\t\t<section class=\"elementor-section elementor-top-section elementor-element elementor-element-461c0442 elementor-section-boxed elementor-section-height-default elementor-section-height-default\" data-id=\"461c0442\" data-element_type=\"section\">\n\t\t\t\t\t\t<div class=\"elementor-container elementor-column-gap-default\">\n\t\t\t\t\t\t\t<div class=\"elementor-row\">\n\t\t\t\t\t<div class=\"elementor-column elementor-col-100 elementor-top-column elementor-element elementor-element-67b1c6bd\" data-id=\"67b1c6bd\" data-element_type=\"column\">\n\t\t\t<div class=\"elementor-column-wrap elementor-element-populated\">\n\t\t\t\t\t\t\t<div class=\"elementor-widget-wrap\">\n\t\t\t\t\t\t<div class=\"elementor-element elementor-element-6461eb32 elementor-widget elementor-widget-text-editor\" data-id=\"6461eb32\" data-element_type=\"widget\" data-widget_type=\"text-editor.default\">\n\t\t\t\t<div class=\"elementor-widget-container\">\n\t\t\t\t\t\t\t\t<div class=\"elementor-text-editor elementor-clearfix\">\n\t\t\t\t<div id=\"features-1\" class=\"features-coloured-icon-boxes-section\" style=\"background-color: #ffffff;\" data-id=\"features-coloured-icon-boxes-section\" data-category=\"features\" data-label=\"Features\"><div class=\"gridContainer\"><div class=\"features-coloured-icon-boxes-textrow\"><div class=\"features-coloured-icon-boxes-textcol dynamic-color\" data-type=\"column\"><h2>Notre r\u00f4le : vous REPR\u00c9SENTER et vous INFORMER<\/h2><p>Notre r\u00f4le consiste \u00e0 vous repr\u00e9senter, en tant que parents, dans les diff\u00e9rents \u00e9tablissements scolaires publics pr\u00e9sents sur Carquefou et \u00e0 vous informer sur les d\u00e9cisions et actions r\u00e9alis\u00e9es dans les \u00e9tablissements. Le parent d\u2019\u00e9l\u00e8ve \u00e9lu est un m\u00e9diateur entre les parents d\u2019\u00e9l\u00e8ves et les \u00e9tablissements scolaires.<br \/>Nous sommes en relation avec les autorit\u00e9s comp\u00e9tentes pour faire entendre votre voix.<\/p><\/div><\/div><div class=\"features-coloured-icon-boxes-innerrow flexbox-list dark-text\" data-type=\"row\"><div class=\"features-coloured-icon-boxes-featurecol cp3cols cp6cols-tablet\"><div class=\"features-coloured-icon-boxes-iconcontainer\" data-content-item-container=\"true\">\u00a0<\/div><h4>Parents \u00e9lus ou suppl\u00e9ants au Conseil d\u2019Administration, pr\u00e9sence dans les commissions<\/h4><\/div><div class=\"features-coloured-icon-boxes-featurecol cp3cols cp6cols-tablet\"><div class=\"features-coloured-icon-boxes-iconcontainer\" data-content-item-container=\"true\">\u00a0<\/div><h4>Parents d\u00e9l\u00e9gu\u00e9s de classe<\/h4><\/div><div class=\"features-coloured-icon-boxes-featurecol cp3cols cp6cols-tablet\"><div class=\"features-coloured-icon-boxes-iconcontainer\" data-content-item-container=\"true\">\u00a0<\/div><h4>Echanges et actions sur des th\u00e9matiques sp\u00e9cifiques li\u00e9es \u00e0 la scolarit\u00e9 et \u00e0 la parentalit\u00e9<\/h4><\/div><div class=\"features-coloured-icon-boxes-featurecol cp3cols cp6cols-tablet\"><div class=\"features-coloured-icon-boxes-iconcontainer\" data-content-item-container=\"true\">\u00a0<\/div><h4>Relations avec les autorit\u00e9s comp\u00e9tentes<br \/>(Inspection Acad\u00e9mique, Conseil D\u00e9partemental,<br \/>Conseil R\u00e9gional, Mairie de Carquefou\u2026)<\/h4><\/div><\/div><\/div><\/div><div id=\"content-4\" class=\"content-right-image-section content-image-right\" style=\"background-color: #f6f6f6;\" data-id=\"content-image-right\" data-category=\"content\" data-label=\"Content\"><div class=\"gridContainer\"><div class=\"content-right-image-gridcol\"><div class=\"content-right-image-textcol dynamic-color\" data-type=\"column\"><h2>Notre origine<\/h2><p class=\"large_text\">Cr\u00e9\u00e9e le 2 juillet 2010 \u00e0 Carquefou, CAP ELEVES est une association de parents d&rsquo;\u00e9l\u00e8ves, dont les enfants \u00e9tudient \u00e0 Carquefou, r\u00e9gie par la Loi 1901, \u00e0 but non lucratif.<\/p><p>L\u2019association est ind\u00e9pendante de tout courant politique et pas cons\u00e9quent non affili\u00e9e \u00e0 une f\u00e9d\u00e9ration locale ou nationale. Chez CAP ELEVES, nous avons \u00e0 c\u0153ur de garder une ind\u00e9pendance d\u2019esprit et de privil\u00e9gier une proximit\u00e9 avec le territoire local.<\/p><p>CAP ELEVES compte 85 adh\u00e9rents \u00e0 la rentr\u00e9e 2021 et est pr\u00e9sente sur les \u00e9coles publiques maternelles, \u00e9l\u00e9mentaires, au coll\u00e8ge G\u00e9rard Philipe et au lyc\u00e9e de Carquefou. Esabel Le Beaudour a \u00e9t\u00e9 \u00e9lue Pr\u00e9sidente de l&rsquo;association lors de la derni\u00e8re assembl\u00e9e g\u00e9n\u00e9rale en juin 2021.<\/p><p>Centr\u00e9e sur les int\u00e9r\u00eats des enfants, l&rsquo;association de parents CAP ELEVES r\u00e9pond \u00e0 vos pr\u00e9occupations. CAP ELEVES s\u2019implique activement avec tous ses adh\u00e9rents \u00e9lus depuis plusieurs ann\u00e9es dans les \u00e9tablissements scolaires de la commune de Carquefou.<\/p><\/div><div class=\"content-right-image-imgcol\" data-type=\"column\"><div class=\"spacer\" data-type=\"group\"><img loading=\"lazy\" class=\"alignnone size-medium wp-image-641\" src=\"http:\/\/pauline.eolis.net\/cap\/wp-content\/uploads\/2020\/02\/Affiche_CAP-ELEVE_A356665-212x300.jpg\" alt=\"\" width=\"212\" height=\"300\" srcset=\"https:\/\/pauline.eolis.net\/cap\/wp-content\/uploads\/2020\/02\/Affiche_CAP-ELEVE_A356665-212x300.jpg 212w, https:\/\/pauline.eolis.net\/cap\/wp-content\/uploads\/2020\/02\/Affiche_CAP-ELEVE_A356665-768x1086.jpg 768w, https:\/\/pauline.eolis.net\/cap\/wp-content\/uploads\/2020\/02\/Affiche_CAP-ELEVE_A356665-724x1024.jpg 724w, https:\/\/pauline.eolis.net\/cap\/wp-content\/uploads\/2020\/02\/Affiche_CAP-ELEVE_A356665-1024x1448.jpg 1024w, https:\/\/pauline.eolis.net\/cap\/wp-content\/uploads\/2020\/02\/Affiche_CAP-ELEVE_A356665-764x1080.jpg 764w\" sizes=\"(max-width: 212px) 100vw, 212px\" \/><\/div><\/div><\/div><\/div><\/div><div id=\"cta-1\" class=\"cta-blue-section\" data-id=\"cta-blue-section\" data-category=\"cta\" data-label=\"Call to action\"><div class=\"gridContainer\"><div class=\"flexbox-list flexbox-list-align-center row\"><div class=\"cta-blue-textcol dynamic-color\"><h2 class=\"cta-blue-text\">Venez nous rejoindre pour partager vos id\u00e9es et vos envies ! \u00a0 \u00a0 \u00a0 \u00a0 \u00a0 \u00a0 \u00a0 \u00a0 <span style=\"text-align: center; color: #ffffff; text-transform: none; text-indent: 0px; letter-spacing: normal; font-family: 'Source Sans Pro',sans-serif; font-size: 18px; font-style: normal; font-variant: normal; font-weight: 300; text-decoration: none; word-spacing: 0px; display: inline !important; white-space: normal; cursor: text; zoom: 1; orphans: 2; float: none; -webkit-text-stroke-width: 0px; background-color: transparent;\">\u00a0<\/span><\/h2><\/div><div class=\"cta-blue-btncol\"><a class=\"button big yellow dark-text\" href=\"http:\/\/pauline.eolis.net\/cap\/adherer-a-lassociation\" target=\"_self\"> c\u2019est par ici ! <\/a><\/div><div class=\"cta-blue-btncol\">\u00a0<\/div><\/div><\/div><\/div>\t\t\t\t\t<\/div>\n\t\t\t\t\t\t<\/div>\n\t\t\t\t<\/div>\n\t\t\t\t\t\t<\/div>\n\t\t\t\t\t<\/div>\n\t\t<\/div>\n\t\t\t\t\t\t\t\t<\/div>\n\t\t\t\t\t<\/div>\n\t\t<\/section>\n\t\t\t\t\t\t<\/div>\n\t\t\t\t\t\t<\/div>\n\t\t\t\t\t<\/div>\n\t\t","protected":false},"excerpt":{"rendered":"","protected":false},"author":510,"featured_media":0,"parent":0,"menu_order":0,"comment_status":"closed","ping_status":"closed","template":"full-width-page.php","meta":[],"_links":{"self":[{"href":"https:\/\/pauline.eolis.net\/cap\/wp-json\/wp\/v2\/pages\/28"}],"collection":[{"href":"https:\/\/pauline.eolis.net\/cap\/wp-json\/wp\/v2\/pages"}],"about":[{"href":"https:\/\/pauline.eolis.net\/cap\/wp-json\/wp\/v2\/types\/page"}],"author":[{"embeddable":true,"href":"https:\/\/pauline.eolis.net\/cap\/wp-json\/wp\/v2\/users\/510"}],"replies":[{"embeddable":true,"href":"https:\/\/pauline.eolis.net\/cap\/wp-json\/wp\/v2\/comments?post=28"}],"version-history":[{"count":30,"href":"https:\/\/pauline.eolis.net\/cap\/wp-json\/wp\/v2\/pages\/28\/revisions"}],"predecessor-version":[{"id":778,"href":"https:\/\/pauline.eolis.net\/cap\/wp-json\/wp\/v2\/pages\/28\/revisions\/778"}],"wp:attachment":[{"href":"https:\/\/pauline.eolis.net\/cap\/wp-json\/wp\/v2\/media?parent=28"}],"curies":[{"name":"wp","href":"https:\/\/api.w.org\/{rel}","templated":true}]}}